{"id":5231,"date":"2023-06-10T20:26:50","date_gmt":"2023-06-10T20:26:50","guid":{"rendered":"https:\/\/greenplastcol.com\/web\/?page_id=5231"},"modified":"2023-06-15T04:06:45","modified_gmt":"2023-06-15T04:06:45","slug":"cambios-devoluciones-y-garantias","status":"publish","type":"page","link":"https:\/\/greenplastcol.com\/web\/cambios-devoluciones-y-garantias\/","title":{"rendered":"Cambios, devoluciones y garant\u00edas"},"content":{"rendered":"<div class=\"fusion-fullwidth fullwidth-box fusion-builder-row-1 fusion-flex-container nonhundred-percent-fullwidth non-hundred-percent-height-scrolling\" style=\"background-color: rgba(255,255,255,0);background-position: center center;background-repeat: no-repeat;border-width: 0px 0px 0px 0px;border-color:#eae9e9;border-style:solid;\" ><div class=\"fusion-builder-row fusion-row fusion-flex-align-items-flex-start\" style=\"max-width:1216.8px;margin-left: calc(-4% \/ 2 );margin-right: calc(-4% \/ 2 );\"><div class=\"fusion-layout-column fusion_builder_column fusion-builder-column-0 fusion_builder_column_1_1 1_1 fusion-flex-column\"><div class=\"fusion-column-wrapper fusion-flex-justify-content-flex-start fusion-content-layout-column\" style=\"background-position:left top;background-repeat:no-repeat;-webkit-background-size:cover;-moz-background-size:cover;-o-background-size:cover;background-size:cover;padding: 0px 0px 0px 0px;\"><div class=\"fusion-text fusion-text-1\"><p data-fusion-font=\"true\" style=\"text-align: center; font-size: 14px; font-family: Poppins;\" data-fusion-google-font=\"Poppins\" data-fusion-google-variant=\"400\"><b>Cambios, devoluciones y garant\u00edas<\/b><\/p>\n<p data-fusion-font=\"true\" style=\"text-align: justify; font-size: 14px; font-family: Poppins; font-weight: 400;\" data-fusion-google-font=\"Poppins\" data-fusion-google-variant=\"400\">Reglamento de Garant\u00edas, Cambios y Devoluciones de Greenplast Colombia S.A.S.<\/p>\n<p data-fusion-font=\"true\" style=\"text-align: justify; font-size: 14px; font-family: Poppins; font-weight: 400;\" data-fusion-google-font=\"Poppins\" data-fusion-google-variant=\"400\">Los productos ofrecidos en GREENPLAST COLOMBIA S.A.S., en materia de garant\u00edas se clasifican en grupos.<\/p>\n<p data-fusion-font=\"true\" style=\"text-align: justify; font-size: 14px; font-family: Poppins; font-weight: 400;\" data-fusion-google-font=\"Poppins\" data-fusion-google-variant=\"400\">1. Bolsas, rollos y l\u00e1minas de polietileno de alta y baja densidad transparente o de color, con impresi\u00f3n flexogr\u00e1fica o sin impresi\u00f3n, fabricadas en la planta de producci\u00f3n, las cuales no sufren otro proceso dentro del punto de venta.<\/p>\n<p data-fusion-font=\"true\" style=\"text-align: justify; font-size: 14px; font-family: Poppins; font-weight: 400;\" data-fusion-google-font=\"Poppins\" data-fusion-google-variant=\"400\">Las caracter\u00edsticas especiales de estos productos es que son bienes que no se les realiza ning\u00fan tipo de proceso fuera de su lugar de producci\u00f3n, ya sea la f\u00e1brica propia o la del proveedor. De igual manera sabemos que podemos encontrarlos ya empacados y listos para vender. Tambi\u00e9n es com\u00fan que tengan un est\u00e1ndar de cantidad, por ejemplo, un n\u00famero determinado de unidades.<\/p>\n<p data-fusion-font=\"true\" style=\"text-align: justify; font-size: 14px; font-family: Poppins; font-weight: 400;\" data-fusion-google-font=\"Poppins\" data-fusion-google-variant=\"400\">As\u00ed mismo, estos productos vienen sellados o empacados<\/p>\n<p data-fusion-font=\"true\" style=\"text-align: justify; font-size: 14px; font-family: Poppins; font-weight: 400;\" data-fusion-google-font=\"Poppins\" data-fusion-google-variant=\"400\">2. Pl\u00e1sticos anchos negros y transparentes.<\/p>\n<p data-fusion-font=\"true\" style=\"text-align: justify; font-size: 14px; font-family: Poppins; font-weight: 400;\" data-fusion-google-font=\"Poppins\" data-fusion-google-variant=\"400\">3. Pl\u00e1sticos especiales con tratamiento para invernadero y embalses de agua: agrolene y poliembalse<\/p>\n<p data-fusion-font=\"true\" style=\"text-align: justify; font-size: 14px; font-family: Poppins; font-weight: 400;\" data-fusion-google-font=\"Poppins\" data-fusion-google-variant=\"400\">4. Telas de Polipropileno.<\/p>\n<p data-fusion-font=\"true\" style=\"text-align: justify; font-size: 14px; font-family: Poppins; font-weight: 400;\" data-fusion-google-font=\"Poppins\" data-fusion-google-variant=\"400\">5. Polisombras y Politex.<\/p>\n<p data-fusion-font=\"true\" style=\"text-align: justify; font-size: 14px; font-family: Poppins; font-weight: 400;\" data-fusion-google-font=\"Poppins\" data-fusion-google-variant=\"400\">Estos productos son f\u00e1cil de identificar porque sufren un \u00faltimo proceso dentro de las instalaciones de los punto de venta, como puede ser armado, sellado, medici\u00f3n y corte, por tal motivo no surten efecto de cambio, y las garant\u00edas solo aplican al comportamiento propio del mismo, es decir a sus capacidades funcionales.<\/p>\n<p data-fusion-font=\"true\" style=\"text-align: justify; font-size: 14px; font-family: Poppins; font-weight: 400;\" data-fusion-google-font=\"Poppins\" data-fusion-google-variant=\"400\">Cambios, Garant\u00edas y Devoluciones.<\/p>\n<p data-fusion-font=\"true\" style=\"text-align: justify; font-size: 14px; font-family: Poppins; font-weight: 400;\" data-fusion-google-font=\"Poppins\" data-fusion-google-variant=\"400\">La ley 1480 de 2012, establece como recurso del consumidor las opciones de Cambio de Mercanc\u00edas, Clausula de Garant\u00edas y Devoluci\u00f3n del Dinero en tres diferentes casos.<\/p>\n<p data-fusion-font=\"true\" style=\"text-align: justify; font-size: 14px; font-family: Poppins; font-weight: 400;\" data-fusion-google-font=\"Poppins\" data-fusion-google-variant=\"400\">Caracter\u00edsticas de las condiciones de cambio.<\/p>\n<p data-fusion-font=\"true\" style=\"text-align: justify; font-size: 14px; font-family: Poppins; font-weight: 400;\" data-fusion-google-font=\"Poppins\" data-fusion-google-variant=\"400\">El Cambio de Mercanc\u00edas es el derecho que tiene un consumidor de corregir su compra antes de 8 d\u00edas si satisface los requisitos de reintegro de la empresa, el cambio obedece a un error de buena fe de compra, y en consecuencia se hace reintegro de la mercanc\u00eda con el \u00fanico fin de obtener otra que est\u00e9 de acuerdo a las caracter\u00edsticas requeridas. Es por tal motivo, que cuando se hace un cambio no se produce reintegro de dineros. Para poder proceder con el cambio de mercanc\u00edas, el producto que ser\u00e1 cambiado debe cumplir con las siguientes especificaciones:<\/p>\n<p data-fusion-font=\"true\" style=\"text-align: justify; font-size: 14px; font-family: Poppins; font-weight: 400;\" data-fusion-google-font=\"Poppins\" data-fusion-google-variant=\"400\">1. No pertenecer al grupo de Numeral 2 al 5.<\/p>\n<p data-fusion-font=\"true\" style=\"text-align: justify; font-size: 14px; font-family: Poppins; font-weight: 400;\" data-fusion-google-font=\"Poppins\" data-fusion-google-variant=\"400\">2. Que la presentaci\u00f3n sea integra, no podr\u00e1 estar sucio, manchado, rayado y\/o rasgado.<\/p>\n<p data-fusion-font=\"true\" style=\"text-align: justify; font-size: 14px; font-family: Poppins; font-weight: 400;\" data-fusion-google-font=\"Poppins\" data-fusion-google-variant=\"400\">3. Que el empaqu\u00e9 no est\u00e9 roto, forzado, averiado o presente alg\u00fan signo de violencia.<\/p>\n<p data-fusion-font=\"true\" style=\"text-align: justify; font-size: 14px; font-family: Poppins; font-weight: 400;\" data-fusion-google-font=\"Poppins\" data-fusion-google-variant=\"400\">4. Que las cantidades en cuanto a peso y unidades sean las mismas anotadas en la factura de venta y\/o descripci\u00f3n del producto.<\/p>\n<p data-fusion-font=\"true\" style=\"text-align: justify; font-size: 14px; font-family: Poppins; font-weight: 400;\" data-fusion-google-font=\"Poppins\" data-fusion-google-variant=\"400\">5. Que las cintillas de seguridad, bandas de protecci\u00f3n y medidas de control y seguridad no presenten alguna alteraci\u00f3n.<\/p>\n<p data-fusion-font=\"true\" style=\"text-align: justify; font-size: 14px; font-family: Poppins; font-weight: 400;\" data-fusion-google-font=\"Poppins\" data-fusion-google-variant=\"400\">6. Que el producto no tenga ning\u00fan desgaste fruto de un aparente uso.<\/p>\n<p data-fusion-font=\"true\" style=\"text-align: justify; font-size: 14px; font-family: Poppins; font-weight: 400;\" data-fusion-google-font=\"Poppins\" data-fusion-google-variant=\"400\">7. Que el consumidor haya cambiado la mercanc\u00eda de la misma compra dos veces.<\/p>\n<p data-fusion-font=\"true\" style=\"text-align: justify; font-size: 14px; font-family: Poppins; font-weight: 400;\" data-fusion-google-font=\"Poppins\" data-fusion-google-variant=\"400\">8. Los errores de buena fe en la compra hacen alusi\u00f3n a un conocimiento pleno del bien que se va a comprar, pero por razones de descuido se compra uno semejante, as\u00ed la cosas no es posible entender una retractaci\u00f3n de la compra.<\/p>\n<p data-fusion-font=\"true\" style=\"text-align: justify; font-size: 14px; font-family: Poppins; font-weight: 400;\" data-fusion-google-font=\"Poppins\" data-fusion-google-variant=\"400\">Los errores de compra provocados por la informaci\u00f3n incompleta, incorrecta o insuficiente del producto, pueden producir tanto cambio como devoluciones.<\/p>\n<p data-fusion-font=\"true\" style=\"text-align: justify; font-size: 14px; font-family: Poppins; font-weight: 400;\" data-fusion-google-font=\"Poppins\" data-fusion-google-variant=\"400\">Caracter\u00edsticas de las Devoluciones.<\/p>\n<p data-fusion-font=\"true\" style=\"text-align: justify; font-size: 14px; font-family: Poppins; font-weight: 400;\" data-fusion-google-font=\"Poppins\" data-fusion-google-variant=\"400\">La ley prev\u00e9 que las devoluciones de dinero se producen por errores de la empresa que llevan al consumidor a comprar equ\u00edvocamente un producto, por esto es que solo aplica la devoluci\u00f3n del dinero en los casos que se nombran a continuaci\u00f3n:<\/p>\n<p data-fusion-font=\"true\" style=\"text-align: justify; font-size: 14px; font-family: Poppins; font-weight: 400;\" data-fusion-google-font=\"Poppins\" data-fusion-google-variant=\"400\">Que se hayan mencionado caracter\u00edsticas inexistentes de un producto.<\/p>\n<p data-fusion-font=\"true\" style=\"text-align: justify; font-size: 14px; font-family: Poppins; font-weight: 400;\" data-fusion-google-font=\"Poppins\" data-fusion-google-variant=\"400\">2. Que se haya recibido anticipadamente dinero por una cantidad de productos de los cuales no se tiene existencia.<\/p>\n<p data-fusion-font=\"true\" style=\"text-align: justify; font-size: 14px; font-family: Poppins; font-weight: 400;\" data-fusion-google-font=\"Poppins\" data-fusion-google-variant=\"400\">3. Que el producto no cumpla las expectativas de calidad normales, es decir, que a pesar de haber redimido la garant\u00eda una vez, el producto sigue presentando fallas.<\/p>\n<p data-fusion-font=\"true\" style=\"text-align: justify; font-size: 14px; font-family: Poppins; font-weight: 400;\" data-fusion-google-font=\"Poppins\" data-fusion-google-variant=\"400\">4. Bajo ninguna circunstancia se podr\u00e1 haber realizado una devoluci\u00f3n de dinero sin completar el formato de egreso de la caja.<\/p>\n<p data-fusion-font=\"true\" style=\"text-align: justify; font-size: 14px; font-family: Poppins; font-weight: 400;\" data-fusion-google-font=\"Poppins\" data-fusion-google-variant=\"400\">5. Las devoluciones de dinero siempre deber\u00e1n ser aprobadas por el administrador del punto de venta.<\/p>\n<p data-fusion-font=\"true\" style=\"text-align: justify; font-size: 14px; font-family: Poppins; font-weight: 400;\" data-fusion-google-font=\"Poppins\" data-fusion-google-variant=\"400\">Caracter\u00edsticas de las Garant\u00edas.<\/p>\n<p data-fusion-font=\"true\" style=\"text-align: justify; font-size: 14px; font-family: Poppins; font-weight: 400;\" data-fusion-google-font=\"Poppins\" data-fusion-google-variant=\"400\">El Art. 7\u00b0 de la ley 1480\/11 dispone que la Cl\u00e1usula de Garant\u00eda es el deber de responder por el buen estado del producto y la conformidad del mismo con las condiciones de idoneidad, calidad y seguridad legalmente exigibles o las ofrecidas. De acuerdo a lo anterior bastara con acreditar el mal funcionamiento de un producto y la compra en GREENPLAST COLOMBIA S.A.S.<\/p>\n<p data-fusion-font=\"true\" style=\"text-align: justify; font-size: 14px; font-family: Poppins; font-weight: 400;\" data-fusion-google-font=\"Poppins\" data-fusion-google-variant=\"400\">Es por esto que se hace imposible ofrecer garant\u00eda alguna si los productos no re\u00fanen las condiciones con las que pueden ser referenciados como defectuosos y que difieren de acuerdo a cada uno de los grupos de clasificaci\u00f3n.<\/p>\n<p data-fusion-font=\"true\" style=\"text-align: justify; font-size: 14px; font-family: Poppins; font-weight: 400;\" data-fusion-google-font=\"Poppins\" data-fusion-google-variant=\"400\">Ninguna exigencia de garant\u00eda podr\u00e1 exigir en primera instancia la devoluci\u00f3n del dinero, esto solo podr\u00e1 suceder si el consumidor ha sufrido dos defectos cubiertos por garant\u00eda en productos de la misma referencia.<\/p>\n<p data-fusion-font=\"true\" style=\"text-align: justify; font-size: 14px; font-family: Poppins; font-weight: 400;\" data-fusion-google-font=\"Poppins\" data-fusion-google-variant=\"400\">Las garant\u00edas de los productos nunca podr\u00e1n ser redimidas a raz\u00f3n de un error de compra, puesto que la figura que opera es el CAMBIO DE MERCANCIA. Las garant\u00edas de los productos de venta en GREENPLAST COLOMBIA S.A.S.son de 30 d\u00edas.<\/p>\n<p data-fusion-font=\"true\" style=\"text-align: justify; font-size: 14px; font-family: Poppins; font-weight: 400;\" data-fusion-google-font=\"Poppins\" data-fusion-google-variant=\"400\">Garant\u00edas para los productos del proceso de la transformaci\u00f3n del Polietileno y Polipropileno y que no implican otros procesos.<\/p>\n<p data-fusion-font=\"true\" style=\"text-align: justify; font-size: 14px; font-family: Poppins; font-weight: 400;\" data-fusion-google-font=\"Poppins\" data-fusion-google-variant=\"400\">Estos productos tienen por protecci\u00f3n especial de garant\u00eda lo referente a defectos de impresi\u00f3n y sellado.<\/p>\n<p data-fusion-font=\"true\" style=\"text-align: justify; font-size: 14px; font-family: Poppins; font-weight: 400;\" data-fusion-google-font=\"Poppins\" data-fusion-google-variant=\"400\">La garant\u00eda para estos productos cubre los siguientes defectos:<\/p>\n<p data-fusion-font=\"true\" style=\"text-align: justify; font-size: 14px; font-family: Poppins; font-weight: 400;\" data-fusion-google-font=\"Poppins\" data-fusion-google-variant=\"400\">1. Problemas de sellado en cuanto a forma e idoneidad.<\/p>\n<p data-fusion-font=\"true\" style=\"text-align: justify; font-size: 14px; font-family: Poppins; font-weight: 400;\" data-fusion-google-font=\"Poppins\" data-fusion-google-variant=\"400\">2. Problemas de troquelado en cuanto a posici\u00f3n, forma y finalizado.<\/p>\n<p data-fusion-font=\"true\" style=\"text-align: justify; font-size: 14px; font-family: Poppins; font-weight: 400;\" data-fusion-google-font=\"Poppins\" data-fusion-google-variant=\"400\">3. Problemas de calidad de impresi\u00f3n como error en los colores, error en la ubicaci\u00f3n de la impresi\u00f3n y manchas de tinta.<\/p>\n<p data-fusion-font=\"true\" style=\"text-align: justify; font-size: 14px; font-family: Poppins; font-weight: 400;\" data-fusion-google-font=\"Poppins\" data-fusion-google-variant=\"400\">4. Problemas en cuanto a la calidad del material o posibles elementos de contaminaci\u00f3n.<\/p>\n<p data-fusion-font=\"true\" style=\"text-align: justify; font-size: 14px; font-family: Poppins; font-weight: 400;\" data-fusion-google-font=\"Poppins\" data-fusion-google-variant=\"400\">6. Problemas de imprecisi\u00f3n en el tama\u00f1o, estando por fuera de la media ofertada, pero sin ser entendible como un error de tama\u00f1o del cliente.<\/p>\n<p data-fusion-font=\"true\" style=\"text-align: justify; font-size: 14px; font-family: Poppins; font-weight: 400;\" data-fusion-google-font=\"Poppins\" data-fusion-google-variant=\"400\">Proceso de Acreditaci\u00f3n de la Compra y el Defecto.<\/p>\n<p data-fusion-font=\"true\" style=\"text-align: justify; font-size: 14px; font-family: Poppins; font-weight: 400;\" data-fusion-google-font=\"Poppins\" data-fusion-google-variant=\"400\">Para que una persona jur\u00eddica o natural, adquiera la calidad de consumidor ser\u00e1 indispensable que acredite la compra del producto mediante la factura de venta original o mediante su documento de identificaci\u00f3n, este documento ser\u00e1 indispensable para iniciar cualquier recurso frente a los productos. se deber\u00e1 identificar n\u00famero de lote, fecha de fabricaci\u00f3n y numero de orden de pedido.<\/p>\n<p data-fusion-font=\"true\" style=\"text-align: justify; font-size: 14px; font-family: Poppins; font-weight: 400;\" data-fusion-google-font=\"Poppins\" data-fusion-google-variant=\"400\">GREENPLAST COLOMBIA S.A.S no da garant\u00eda de dinero con cuant\u00edas que incluyen costos de procesos con terceros, esto incluye: Gastos log\u00edsticos, horas m\u00e1quina, horas hombre, jornales o cualquier tema externo a la facturaci\u00f3n directa que se realice entre empresas. Si es necesario hacer una devoluci\u00f3n, se hace el tiempo estipulado en el proceso de garant\u00edas, pero GREENPLAST COLOMBIA S.A.S no acepta costos adicionales asociados.<\/p>\n<p data-fusion-font=\"true\" style=\"text-align: justify; font-size: 14px; font-family: Poppins; font-weight: 400;\" data-fusion-google-font=\"Poppins\" data-fusion-google-variant=\"400\">Acreditada la compra se proceder\u00e1 a acreditar las condiciones de, Cambio de Mercanc\u00eda, Devoluci\u00f3n de Dinero o Cl\u00e1usula de Garant\u00eda antes mencionadas, de no poder acreditarse alguna, ser\u00e1 imposible conceder el recurso.<\/p>\n<p data-fusion-font=\"true\" style=\"text-align: justify; font-size: 14px; font-family: Poppins; font-weight: 400;\" data-fusion-google-font=\"Poppins\" data-fusion-google-variant=\"400\">Se diligenciara el formato que emitir\u00e1 el sistema como elemento de soporte del recurso, la mercanc\u00eda deber ser almacenada y enviada al jefe de inventarios para manejo interno.<\/p>\n<p data-fusion-font=\"true\" style=\"text-align: justify; font-size: 14px; font-family: Poppins; font-weight: 400;\" data-fusion-google-font=\"Poppins\" data-fusion-google-variant=\"400\">Las mercanc\u00edas cubiertas bajo la cl\u00e1usula de garant\u00edas y el cambio de mercanc\u00edas, tendr\u00e1n protecci\u00f3n desde el momento en que el cliente recibe el producto final.<\/p>\n<p align=\"justify\">\n<\/div><\/div><style type=\"text\/css\">.fusion-body .fusion-builder-column-0{width:100% !important;margin-top : 0px;margin-bottom : 0px;}.fusion-builder-column-0 > .fusion-column-wrapper {padding-top : 0px !important;padding-right : 0px !important;margin-right : 1.92%;padding-bottom : 0px !important;padding-left : 0px !important;margin-left : 1.92%;}@media only screen and (max-width:1024px) {.fusion-body .fusion-builder-column-0{width:100% !important;}.fusion-builder-column-0 > .fusion-column-wrapper {margin-right : 1.92%;margin-left : 1.92%;}}@media only screen and (max-width:640px) {.fusion-body .fusion-builder-column-0{width:100% !important;}.fusion-builder-column-0 > .fusion-column-wrapper {margin-right : 1.92%;margin-left : 1.92%;}}<\/style><\/div><\/div><style type=\"text\/css\">.fusion-body .fusion-flex-container.fusion-builder-row-1{ padding-top : 0px;margin-top : 0px;padding-right : 0px;padding-bottom : 0px;margin-bottom : 0px;padding-left : 0px;}<\/style><\/div>\n","protected":false},"excerpt":{"rendered":"","protected":false},"author":1,"featured_media":0,"parent":0,"menu_order":0,"comment_status":"closed","ping_status":"closed","template":"","meta":{"footnotes":""},"class_list":["post-5231","page","type-page","status-publish","hentry"],"acf":[],"_links":{"self":[{"href":"https:\/\/greenplastcol.com\/web\/wp-json\/wp\/v2\/pages\/5231","targetHints":{"allow":["GET"]}}],"collection":[{"href":"https:\/\/greenplastcol.com\/web\/wp-json\/wp\/v2\/pages"}],"about":[{"href":"https:\/\/greenplastcol.com\/web\/wp-json\/wp\/v2\/types\/page"}],"author":[{"embeddable":true,"href":"https:\/\/greenplastcol.com\/web\/wp-json\/wp\/v2\/users\/1"}],"replies":[{"embeddable":true,"href":"https:\/\/greenplastcol.com\/web\/wp-json\/wp\/v2\/comments?post=5231"}],"version-history":[{"count":4,"href":"https:\/\/greenplastcol.com\/web\/wp-json\/wp\/v2\/pages\/5231\/revisions"}],"predecessor-version":[{"id":5304,"href":"https:\/\/greenplastcol.com\/web\/wp-json\/wp\/v2\/pages\/5231\/revisions\/5304"}],"wp:attachment":[{"href":"https:\/\/greenplastcol.com\/web\/wp-json\/wp\/v2\/media?parent=5231"}],"curies":[{"name":"wp","href":"https:\/\/api.w.org\/{rel}","templated":true}]}}